{"id":21,"date":"2020-06-22T17:52:59","date_gmt":"2020-06-22T15:52:59","guid":{"rendered":"http:\/\/centroservizicherasco.hostinggratis.it\/?page_id=21"},"modified":"2020-07-06T13:01:41","modified_gmt":"2020-07-06T11:01:41","slug":"studio-legale","status":"publish","type":"page","link":"http:\/\/centroservizicherasco.it\/index.php\/studio-legale\/","title":{"rendered":"STUDIO LEGALE"},"content":{"rendered":"\n<p><strong><em>SERVIZIO LEGALE<\/em><\/strong><br>Lo studio legale fa capo all&#8217; avvocato Vincenzo Ciravegna iscritto all&#8217; Ordine degli Avvocati di Asti.<\/p>\n\n\n\n<p><strong><em>CONTATTI<\/em><\/strong><br>Orari: dal lunedi al venerd\u00ec dalle ore 8.30 alle ore 12.30 e dalle ore 15.00 alle ore 17.00<br>Cellulare : 3336572008<br>E-mail: avv.vincenzociravegna@virgilio.it<\/p>\n\n\n\n<div class=\"wp-block-media-text alignwide is-stacked-on-mobile is-vertically-aligned-center\" style=\"grid-template-columns:21% auto\"><figure class=\"wp-block-media-text__media\"><img loading=\"lazy\" width=\"280\" height=\"494\" src=\"http:\/\/centroservizicherasco.hostinggratis.it\/wp-content\/uploads\/2020\/06\/280_0_5338243_706347-2.jpg\" alt=\"\" class=\"wp-image-190\" srcset=\"http:\/\/centroservizicherasco.it\/wp-content\/uploads\/2020\/06\/280_0_5338243_706347-2.jpg 280w, http:\/\/centroservizicherasco.it\/wp-content\/uploads\/2020\/06\/280_0_5338243_706347-2-170x300.jpg 170w\" sizes=\"(max-width: 280px) 100vw, 280px\" \/><\/figure><div class=\"wp-block-media-text__content\">\n<h4>Lo studio legale fa capo all&#8217; avvocato Vincenzo Ciravegna iscritto all&#8217; Ordine degli Avvocati di Asti.<\/h4>\n\n\n\n<h4>Il predetto professionista \u00e8 un operatore di consolidata esperienza ed \u00e8 ferrato anche in materia amministrativa e tributaria.<\/h4>\n\n\n\n<h4>Sia in passato che in tempi attuali, ha trattato diverse controversie contro la Pubblica Amministrazione risolvendo le problematiche, di volta in volta presentatesi, con successo e determinazione tant&#8217;\u00e8 che molti cittadini richiedono sempre pi\u00f9 spesso il suo patrocinio per risolvere contenziosi dovuti a errori e strorture verificatesi nelle attivit\u00e0 dei Pubblici Uffici.<\/h4>\n\n\n\n<p><\/p>\n<\/div><\/div>\n\n\n\n<p><\/p>\n\n\n\n<p><strong><em>SERVIZI OFFERTI<\/em><\/strong><\/p>\n\n\n\n<ul><li>Difese giudiziali in materia penale<\/li><li>Difese giudiziali in materia civile e di lavoro<\/li><li>Difese innanzi alle Commissioni Tributarie<\/li><li>Difese e ricorsi al Tribunale Amministrativo Regionale<\/li><li>Difese innanzi alla Corte dei Conti<\/li><li>Segnalazioni alla Procura presso la Corte dei Conti<\/li><li>Assistenza e redazione di querele e denunce per persone offese da reati<\/li><li>Difese e assistenza stragiudiziale<\/li><li>Richieste di risarcimento danno<\/li><li>Recupero crediti<\/li><li>Assistenza in procedure di conciliazione e negoziazione assistita<\/li><li>Assistenza e rappresentanza nelle procedure conciliative per contenziosi con l\u2019Agenzia delle Entrate<\/li><li>Ricorsi in autotutela per contenziosi con l\u2019agenzia dell\u2019Entrate<\/li><li>Difese innanzi al Tribunale Militare<\/li><li>Consulenza per pratiche presso L\u2019Amministrazione Militare<\/li><li>Consulenza e pratiche presso l\u2019Amministrazione Penitenziaria<\/li><li>Assistenza in procedure di riabilitazione da condanne penali<\/li><li>Assistenza e difesa innanzi al Giudice dell\u2019Esecuzione<\/li><li>Assistenza e difesa innanzi al Magistrato di Sorveglianza e al Tribunale di Sorveglianza<\/li><li>Ricerca delle prove processuali ed extraprocessuali<\/li><li>Indagini difensive a favore dell\u2019imputato e della persona offesa<\/li><li>Difese e procedure contro la Pubblica Amministrazione in genere<\/li><li>Assistenza agli Enti locali<\/li><li>Consulenza in tema di diritto sanitario e ospedaliero<\/li><li>Consulenza in materia di edilizia e urbanistica<\/li><li>Consulenza in materia di tutela dell\u2019ambiente<\/li><li>Consulenza in materia di servizi pubblici e privatizzazioni<\/li><li>Diritto dell\u2019informatica<\/li><li>Assistenza in controversie in materia civile e in arbitrati<\/li><li>Cause e difese di natura reale a tutela della propriet\u00e0, del possesso e delle servit\u00f9<\/li><li>Azioni di regolamento dei confini e controversie relative all\u2019apposizioni dei termini di confine<\/li><li>Assistenza e rappresentanza in materia locatizia<\/li><li>Sfratti<\/li><li>Ricorsi innanzi al Giudice del Lavoro<\/li><li>Consulenza e assistenza nelle procedure di mobilit\u00e0 e di cassa integrazione, nelle vertenze collettive e nelle relazioni sindacali<\/li><li>Consulenza e assistenza nella gestione delle problematiche aziendali in materia di prevenzione degli infortuni sul lavoro e consulenza sulla sicurezza&nbsp; e sull&#8217;igiene del lavoro, nonch\u00e9 nei rapporti con gli Enti previdenziali.<\/li><li>Consulenza e assistenza nelle procedure di mobilit\u00e0 e di cassa integrazione, nelle vertenze collettive e nelle relazioni sindacali<\/li><li>Consulenza e assistenza nelle procedure di conciliazione in sede amministrativa e sindacale<\/li><li>Ricorsi in materia di Codice della Strada e consulenza in materia di normative di circolazione automezzi<\/li><li>Redazione di pareri e risposta a quesiti in materia legale e tributaria anche per via on-line<\/li><li>Separazioni e divorzi<\/li><li>Pratiche e difese presso il Tribunale dei Minori<\/li><li>Domande di affidamento di minori e pratiche di adozione<\/li><li>Stato delle persone<\/li><li>Rapporti patrimoniali tra i coniugi<\/li><li>Filiazione legittima, naturale e legittimazione<\/li><li>Affiliazione e affidamento dei minori<\/li><li>Tutela dei minori<\/li><li>Procedure innanzi al Giudice Tutelare<\/li><li>Pratiche&nbsp; e procedure finalizzate all\u2019 ottenimento degli assegni alimentari<\/li><li>Difese innanzi alle sezioni agrarie del Tribunale Civile<\/li><li>Assistenza e rappresentanza legale in arbitrati e procedure conciliative<\/li><li>Cancellazione di pignoramenti presso la Conservatoria Immobiliare<\/li><li>Iscrizione e cancellazione di ipoteche per provvedimento del Giudice o per atto notarile<\/li><li>Trascrizioni presso la Conservatoria immobiliare<\/li><li>Istanze di costituzione e trascrizioni di fermi amministrativi su veicoli<\/li><li>Procedure di perdita di possesso di veicoli<\/li><li>Assistenza nelle procedure per passaggi immobiliari<\/li><li>Assistenza e difesa in esecuzioni mobiliari e immobiliari<\/li><li>Consulenza e assistenza nella stipulazione di contratti in genere<\/li><li>Contratti di edizione, stampa e multimediali;<\/li><li>Contratti di sfruttamento dell\u2019immagine;<\/li><li>Rapporti con S.I.A.E. e I.M.A.I.E<\/li><li>Privacy e tutela dell\u2019onore<\/li><li>Strategie di formazione e tutela della propriet\u00e0 intellettuale<\/li><li>Licensing internazionale<\/li><li>Franchising e contratti di distribuzione<\/li><li>Assistenza nelle procedure per passaggi immobiliari<\/li><li>Pratiche relative alle societ\u00e0 e alle associazioni<\/li><li>Pratiche di successione ereditaria presso l\u2019Agenzia dell\u2019 Entrate e al Catasto<\/li><li>Visure presso l\u2019Agenzia del Territorio la Conservatorie Immobiliari e al Catasto<\/li><li>Reperimento documenti presso la Pubblica Amministrazione &nbsp;<\/li><li>Assistenza in pratiche consolari e presso le Ambasciate<\/li><li>Pratiche di apertura di societ\u00e0 all\u2019estero<\/li><li>Assistenza e controllo di legittimit\u00e0 nelle gare di appalto e nei pubblici concorsi<\/li><li>Assistenza in procedure conciliative innanzi al CORECOM concernenti i contratti di telefonia<\/li><li>Assistenza, segnalazioni e ricorsi all\u2019 Autorit\u00e0 Garante della Concorrenza e del Mercato<\/li><li>Segnalazioni alle Autorit\u00e0 competenti per tutela di diritti lesi delle persone fisiche e giuridiche<\/li><li>Consulenza sulla disciplina di tutela dei dati personali<\/li><li>Segnalazioni e ricorsi all\u2019 Autorit\u00e0 Garante della protezione dei dati personali<\/li><li>Assistenza innanzi alle procedure di conciliazione<\/li><li>Istanze di fallimento e insinuazioni nelle procedure fallimentari e di concordato<\/li><li>Curatela di fallimenti<\/li><li>Tutorato, Curatela e Amministrazione di sostegno di persone incapaci e inabilitate<\/li><li>Pratiche di interdizione e inabilitazione per tutela, curatela ed amministrazione di sostegno<\/li><li>Controversie per sinistri stradali<\/li><li>Valutazione della legalit\u00e0 di interessi applicati a mutui e finanziamenti<\/li><li>Valutazione della legalit\u00e0 di interessi e sanzioni su cartelle esattoriali<\/li><li>Difese in controversie con Banche intermediari finanziari ed imprese di assicurazione<\/li><li>Prevenzione dei reati in ambito aziendale: i Modelli organizzativi ex D. Lgs. 231\/01<\/li><li>Accertamenti bancari (L. 311\/2004)<\/li><li>Cartolarizzazione dei crediti (L. 130\/99)<\/li><li>Normativa sulla trasparenza delle operazioni e dei servizi bancari (Del. C.I.C.R. 03\/2003)<\/li><li>Segnalazione nei S.I.C.<\/li><li>Redazioni di contratti bancari e finanziari<\/li><li>Procedimenti per ingiunzione e recupero crediti<\/li><li>Consulenza sulla disciplina dell\u2019antiriciclaggio<\/li><li>Consulenza in materia di usura ed antiterrorismo<\/li><li>Consulenza relativa in materia di armi e di Pubblica Sicurezza<\/li><li>Assistenza e difesa nei procedimenti inibitori in materia di Pubblica Sicurezza<\/li><li>Consulenza e assistenza relativa alla disciplina concernente gli ausiliari di sicurezza e le guardie giurate<\/li><li>Tutela dei consumatori contro gli eventuali abusi degli ausiliari di sicurezza nei locali di pubblico intrattenimento<\/li><li>Segnalazioni alle Autorit\u00e0 per violazioni al Testo Unico di P.S. e disciplina attinente<\/li><li>Consulenza in materia di diritto transnazionale e comunitario &nbsp;<\/li><li>Assistenza nelle problematiche inerenti la regolamentazione della libera concorrenza ed antitrust nell&#8217;ambito nazionale e U.E., finanziamenti comunitari e responsabilit\u00e0 del produttore<\/li><li>Redazione di atti e ricorsi alla Court de Justice<\/li><li>Ricorsi alla Corte di Giustizia Europea<\/li><li>Consulenza e assistenza in materia di libera circolazione merci, capitali, persone e servizi.<\/li><li>Consulenza mediante pareri legali e risoluzione dei quesiti anche via on-line inviando richiesta al indirizzo e-mail:&nbsp;<a href=\"mailto:avv.vincenzociravegna@virgilio.it\">avv.vincenzociravegna@virgilio.it<\/a><\/li><li>Consulenza nel diritto dell\u2019informatica<\/li><\/ul>\n\n\n\n<p>&nbsp; &nbsp; &nbsp; &nbsp; &nbsp; &nbsp; <\/p>\n","protected":false},"excerpt":{"rendered":"<p>SERVIZIO LEGALELo studio legale fa capo all&#8217; avvocato Vincenzo Ciravegna iscritto all&#8217; Ordine degli Avvocati di Asti. CONTATTIOrari: dal lunedi al venerd\u00ec dalle ore 8.30 alle ore 12.30 e dalle ore 15.00 alle ore 17.00Cellulare : 3336572008E-mail: avv.vincenzociravegna@virgilio.it Lo studio legale fa capo all&#8217; avvocato Vincenzo Ciravegna iscritto all&#8217; Ordine degli Avvocati di Asti. Il [&hellip;]<\/p>\n","protected":false},"author":1,"featured_media":0,"parent":0,"menu_order":0,"comment_status":"closed","ping_status":"closed","template":"","meta":[],"yoast_head":"<!-- This site is optimized with the Yoast SEO plugin v15.5 - https:\/\/yoast.com\/wordpress\/plugins\/seo\/ -->\n<title>STUDIO LEGALE - CENTRO SERVIZI SRL<\/title>\n<meta name=\"robots\" content=\"index, follow, max-snippet:-1, max-image-preview:large, max-video-preview:-1\" \/>\n<link rel=\"canonical\" href=\"http:\/\/centroservizicherasco.it\/index.php\/studio-legale\/\" \/>\n<meta property=\"og:locale\" content=\"it_IT\" \/>\n<meta property=\"og:type\" content=\"article\" \/>\n<meta property=\"og:title\" content=\"STUDIO LEGALE - CENTRO SERVIZI SRL\" \/>\n<meta property=\"og:description\" content=\"SERVIZIO LEGALELo studio legale fa capo all&#8217; avvocato Vincenzo Ciravegna iscritto all&#8217; Ordine degli Avvocati di Asti. CONTATTIOrari: dal lunedi al venerd\u00ec dalle ore 8.30 alle ore 12.30 e dalle ore 15.00 alle ore 17.00Cellulare : 3336572008E-mail: avv.vincenzociravegna@virgilio.it Lo studio legale fa capo all&#8217; avvocato Vincenzo Ciravegna iscritto all&#8217; Ordine degli Avvocati di Asti. Il [&hellip;]\" \/>\n<meta property=\"og:url\" content=\"http:\/\/centroservizicherasco.it\/index.php\/studio-legale\/\" \/>\n<meta property=\"og:site_name\" content=\"CENTRO SERVIZI SRL\" \/>\n<meta property=\"article:modified_time\" content=\"2020-07-06T11:01:41+00:00\" \/>\n<meta property=\"og:image\" content=\"http:\/\/centroservizicherasco.hostinggratis.it\/wp-content\/uploads\/2020\/06\/280_0_5338243_706347-2.jpg\" \/>\n<meta name=\"twitter:card\" content=\"summary_large_image\" \/>\n<meta name=\"twitter:label1\" content=\"Tempo di lettura stimato\">\n\t<meta name=\"twitter:data1\" content=\"4 minuti\">\n<script type=\"application\/ld+json\" class=\"yoast-schema-graph\">{\"@context\":\"https:\/\/schema.org\",\"@graph\":[{\"@type\":\"WebSite\",\"@id\":\"http:\/\/centroservizicherasco.it\/#website\",\"url\":\"http:\/\/centroservizicherasco.it\/\",\"name\":\"CENTRO SERVIZI SRL\",\"description\":\"\",\"potentialAction\":[{\"@type\":\"SearchAction\",\"target\":\"http:\/\/centroservizicherasco.it\/?s={search_term_string}\",\"query-input\":\"required name=search_term_string\"}],\"inLanguage\":\"it-IT\"},{\"@type\":\"ImageObject\",\"@id\":\"http:\/\/centroservizicherasco.it\/index.php\/studio-legale\/#primaryimage\",\"inLanguage\":\"it-IT\",\"url\":\"http:\/\/centroservizicherasco.hostinggratis.it\/wp-content\/uploads\/2020\/06\/280_0_5338243_706347-2.jpg\"},{\"@type\":\"WebPage\",\"@id\":\"http:\/\/centroservizicherasco.it\/index.php\/studio-legale\/#webpage\",\"url\":\"http:\/\/centroservizicherasco.it\/index.php\/studio-legale\/\",\"name\":\"STUDIO LEGALE - CENTRO SERVIZI SRL\",\"isPartOf\":{\"@id\":\"http:\/\/centroservizicherasco.it\/#website\"},\"primaryImageOfPage\":{\"@id\":\"http:\/\/centroservizicherasco.it\/index.php\/studio-legale\/#primaryimage\"},\"datePublished\":\"2020-06-22T15:52:59+00:00\",\"dateModified\":\"2020-07-06T11:01:41+00:00\",\"inLanguage\":\"it-IT\",\"potentialAction\":[{\"@type\":\"ReadAction\",\"target\":[\"http:\/\/centroservizicherasco.it\/index.php\/studio-legale\/\"]}]}]}<\/script>\n<!-- \/ Yoast SEO plugin. -->","_links":{"self":[{"href":"http:\/\/centroservizicherasco.it\/index.php\/wp-json\/wp\/v2\/pages\/21"}],"collection":[{"href":"http:\/\/centroservizicherasco.it\/index.php\/wp-json\/wp\/v2\/pages"}],"about":[{"href":"http:\/\/centroservizicherasco.it\/index.php\/wp-json\/wp\/v2\/types\/page"}],"author":[{"embeddable":true,"href":"http:\/\/centroservizicherasco.it\/index.php\/wp-json\/wp\/v2\/users\/1"}],"replies":[{"embeddable":true,"href":"http:\/\/centroservizicherasco.it\/index.php\/wp-json\/wp\/v2\/comments?post=21"}],"version-history":[{"count":18,"href":"http:\/\/centroservizicherasco.it\/index.php\/wp-json\/wp\/v2\/pages\/21\/revisions"}],"predecessor-version":[{"id":474,"href":"http:\/\/centroservizicherasco.it\/index.php\/wp-json\/wp\/v2\/pages\/21\/revisions\/474"}],"wp:attachment":[{"href":"http:\/\/centroservizicherasco.it\/index.php\/wp-json\/wp\/v2\/media?parent=21"}],"curies":[{"name":"wp","href":"https:\/\/api.w.org\/{rel}","templated":true}]}}