{"id":51,"date":"2020-06-22T18:53:14","date_gmt":"2020-06-22T16:53:14","guid":{"rendered":"http:\/\/centroservizicherasco.hostinggratis.it\/?page_id=51"},"modified":"2020-06-23T16:59:38","modified_gmt":"2020-06-23T14:59:38","slug":"pronto-artigiano","status":"publish","type":"page","link":"http:\/\/centroservizicherasco.it\/index.php\/pronto-artigiano\/","title":{"rendered":"PRONTO ARTIGIANO"},"content":{"rendered":"\n<div class=\"wp-block-media-text alignwide is-stacked-on-mobile is-vertically-aligned-top\" style=\"grid-template-columns:23% auto\"><figure class=\"wp-block-media-text__media\"><img loading=\"lazy\" width=\"280\" height=\"493\" src=\"http:\/\/centroservizicherasco.hostinggratis.it\/wp-content\/uploads\/2020\/06\/280_0_5419664_706347-2.jpg\" alt=\"\" class=\"wp-image-226\" srcset=\"http:\/\/centroservizicherasco.it\/wp-content\/uploads\/2020\/06\/280_0_5419664_706347-2.jpg 280w, http:\/\/centroservizicherasco.it\/wp-content\/uploads\/2020\/06\/280_0_5419664_706347-2-170x300.jpg 170w\" sizes=\"(max-width: 280px) 100vw, 280px\" \/><\/figure><div class=\"wp-block-media-text__content\">\n<h4>La societ\u00e0 Centro Servizi effettua lavorazioni di manutenzione e restauri su commissione, inoltre realizza opere di piccole e medie dimensioni nei settori di lavoro sotto indicati.<\/h4>\n\n\n\n<h4>I lavori sono effettuati, a mani proprie, da un dipendente specializzato della societ\u00e0.<\/h4>\n\n\n\n<h4>Detto artigiano, all&#8217;occorrenza e a seconda delle esigenze, si avvale di manodopera salariata avventizia sia semplice che qualificata.<\/h4>\n\n\n\n<h4>Il nostro dimendente \u00e8 artigiano specializzato in ogni settore di lavoro indicato nel sotto riportato elenco e risulta aver seguito con profitto diversi corsi formativi di specializzazione e periodicamente continua l&#8217;aggiornamento professionale seguendo corsi e seminari concernenti le ultime novit\u00e0 nei suoi settori di lavoro.<\/h4>\n\n\n\n<h4>I materiali usati nella realizzazione dei lavori sono selezionati tra i prodotti presenti nelle migliori linee di materiali professionali fornite ad artigiani ed imprese.<\/h4>\n<\/div><\/div>\n\n\n\n<ul><li>Piazzamento strutture di cartongesso<\/li><li>Posatura di pavimentazioni e piastrellamento muri<\/li><li>Realizzazione di controsoffittature in legno<\/li><li>Lavori di muratura<\/li><li>Lavori di piccola carpenteria edile<\/li><li>Intonacatura per piccole metrature<\/li><li>Tinteggiatura muri esterni ed interni<\/li><li>Decorazioni soffitti e pareti con stucchi in gesso<\/li><li>Restauro muri in pietra e mattoni<\/li><li>Ripristino e restauro soffitti in mattoni a vista<\/li><li>Trattamenti per pavimenti in cotto<\/li><li>Ripristino e lucidatura pavimenti in marmo e graniglia<\/li><li>Isolamenti termici e acustici<\/li><li>Posatura pavimentazioni in pietra<\/li><li>Rivestimenti in pietra<\/li><li>Lavorazioni in ferro<\/li><li>Lavori di piccola carpenteria metallica<\/li><li>Restauro di inferiate e ringhiere<\/li><li>Realizzazione di inferiate balconate e cancelli<\/li><li>Tinteggiatura e riparazione ringhiere e cancellate&nbsp;<\/li><li>Restauro mobili<\/li><li>Restauro oggetti e lampadari<\/li><li>Restauro porte in legno<\/li><li>Restauro persiane il legno<\/li><li>Lavori di piccola falegnameria<\/li><li>Realizzazione di davanzali in legno su misura<\/li><li>Rivestimenti in legno<\/li><li>Realizzazione di appendiabiti murali in stile e in arte povera<\/li><li>Realizzazione di boiserie in legno<\/li><li>Realizzazione di teche e bacheche su misura ed in stile<\/li><li>Realizzazione di porta targhe in legno per targhe professionali e insegne di impresa<\/li><li>Restauro, levigatura e verniciatura palchetti in legno<\/li><li>Realizzazione scaffalature in legno su misura<\/li><li>Realizzazione e restauro mensole e banconi&nbsp;<\/li><li>Restauro poltrone e divani con tessuto a scelta<\/li><li>Incorniciatura quadri e stampe<\/li><li>Lavori di manutenzione in genere<\/li><li>Servizio di svuota cantine, solai e sgombero locali in genere<\/li><li>Pulizia giardini<\/li><li>Manutenzione giardini e siepi<\/li><li>Pulizia e manutenzione boschi e capezzagne<\/li><li>Fornitura legname da ardere&nbsp;<\/li><\/ul>\n\n\n\n<p>Per preventivi e lavorazioni su commissione contattare la societ\u00e0 ai recapiti telfonici indicati nel presente sito od in alternativa inviare un e mail agli indirizzi indicati<\/p>\n\n\n\n<div class=\"wp-block-media-text alignwide is-stacked-on-mobile is-vertically-aligned-top\" style=\"grid-template-columns:47% auto\"><figure class=\"wp-block-media-text__media\"><img loading=\"lazy\" width=\"280\" height=\"159\" src=\"http:\/\/centroservizicherasco.hostinggratis.it\/wp-content\/uploads\/2020\/06\/280_0_5338240_706347-1.jpg\" alt=\"\" class=\"wp-image-232\"\/><\/figure><div class=\"wp-block-media-text__content\">\n<h4>Per sgombero locali, cantine e solai richiedi un preventivo alla Centro Servizi.<br>Verr\u00e0 effettuato un sopralluogo ed in base all&#8217; entit\u00e0 ed al volume del materiale da sgomberare, verr\u00e0 stilato un preventivo.<br>Del materiale da sgomberare i nostri addetti effettueranno una cernita e una suddivisione differenziata in blocchi e verr\u00e0 smaltito con regolari procedure nella viciniore isola ecologica per materiale differenziato.<br>Per sopralluoghi e preventivi contatare la Centro Servizi telefonicamente o con e mail agli indirizzi riportati nel presente sito.<\/h4>\n<\/div><\/div>\n\n\n\n<p><\/p>\n\n\n\n<p><\/p>\n\n\n\n<div class=\"wp-block-media-text alignwide has-media-on-the-right is-stacked-on-mobile is-vertically-aligned-top\" style=\"grid-template-columns:auto 22%\"><figure class=\"wp-block-media-text__media\"><img loading=\"lazy\" width=\"212\" height=\"236\" src=\"http:\/\/centroservizicherasco.hostinggratis.it\/wp-content\/uploads\/2020\/06\/280_0_5420331_706347-1.jpg\" alt=\"\" class=\"wp-image-235\"\/><\/figure><div class=\"wp-block-media-text__content\">\n<h4>Se il tuo giardino \u00e8 trascurato e non hai il tempo per risistemarlo richiedi un preventivo alla Centro Servizi, verr\u00e0 inviato immediatamente un giardiniere per ogni tua esigenza<\/h4>\n<\/div><\/div>\n\n\n\n<p><\/p>\n\n\n\n<p><\/p>\n\n\n\n<div class=\"wp-block-media-text alignwide is-stacked-on-mobile is-vertically-aligned-top\" style=\"grid-template-columns:21% auto\"><figure class=\"wp-block-media-text__media\"><img loading=\"lazy\" width=\"280\" height=\"298\" src=\"http:\/\/centroservizicherasco.hostinggratis.it\/wp-content\/uploads\/2020\/06\/280_0_5423098_706347-1.jpg\" alt=\"\" class=\"wp-image-237\"\/><\/figure><div class=\"wp-block-media-text__content\">\n<h4>Hai ereditato o possiedi dei terreni incolti e non hai il tempo e l&#8217;attrezzatura per sistemarli?<br>La Centro Sevizi s.r.l. effettua sopralluoghi con contestuali preventivi per pulizia boschi e disboscamenti.<br>Il tuo terreno, entro breve tempo, verr\u00e0 risistemato dai nostri operai ed i residui di lavorazione verranno prontamente smaltiti<br>Ci\u00f2 verr\u00e0 effettuato nel rispetto delle leggi e dei regolamenti vigenti in materia forestale in quanto la societ\u00e0 stessa provveder\u00e0 a espletare le pratiche burocratiche necessarie<br>Per contatti telefonare ai recapiti indicati nel presente sito od, in alternativa contattare la segreteria via e mail<\/h4>\n<\/div><\/div>\n\n\n\n<p><\/p>\n","protected":false},"excerpt":{"rendered":"<p>La societ\u00e0 Centro Servizi effettua lavorazioni di manutenzione e restauri su commissione, inoltre realizza opere di piccole e medie dimensioni nei settori di lavoro sotto indicati. I lavori sono effettuati, a mani proprie, da un dipendente specializzato della societ\u00e0. Detto artigiano, all&#8217;occorrenza e a seconda delle esigenze, si avvale di manodopera salariata avventizia sia semplice [&hellip;]<\/p>\n","protected":false},"author":1,"featured_media":0,"parent":0,"menu_order":0,"comment_status":"closed","ping_status":"closed","template":"","meta":[],"yoast_head":"<!-- This site is optimized with the Yoast SEO plugin v15.5 - https:\/\/yoast.com\/wordpress\/plugins\/seo\/ -->\n<title>PRONTO ARTIGIANO - CENTRO SERVIZI SRL<\/title>\n<meta name=\"robots\" content=\"index, follow, max-snippet:-1, max-image-preview:large, max-video-preview:-1\" \/>\n<link rel=\"canonical\" href=\"http:\/\/centroservizicherasco.it\/index.php\/pronto-artigiano\/\" \/>\n<meta property=\"og:locale\" content=\"it_IT\" \/>\n<meta property=\"og:type\" content=\"article\" \/>\n<meta property=\"og:title\" content=\"PRONTO ARTIGIANO - CENTRO SERVIZI SRL\" \/>\n<meta property=\"og:description\" content=\"La societ\u00e0 Centro Servizi effettua lavorazioni di manutenzione e restauri su commissione, inoltre realizza opere di piccole e medie dimensioni nei settori di lavoro sotto indicati. I lavori sono effettuati, a mani proprie, da un dipendente specializzato della societ\u00e0. Detto artigiano, all&#8217;occorrenza e a seconda delle esigenze, si avvale di manodopera salariata avventizia sia semplice [&hellip;]\" \/>\n<meta property=\"og:url\" content=\"http:\/\/centroservizicherasco.it\/index.php\/pronto-artigiano\/\" \/>\n<meta property=\"og:site_name\" content=\"CENTRO SERVIZI SRL\" \/>\n<meta property=\"article:modified_time\" content=\"2020-06-23T14:59:38+00:00\" \/>\n<meta property=\"og:image\" content=\"http:\/\/centroservizicherasco.hostinggratis.it\/wp-content\/uploads\/2020\/06\/280_0_5419664_706347-2.jpg\" \/>\n<meta name=\"twitter:card\" content=\"summary_large_image\" \/>\n<meta name=\"twitter:label1\" content=\"Tempo di lettura stimato\">\n\t<meta name=\"twitter:data1\" content=\"2 minuti\">\n<script type=\"application\/ld+json\" class=\"yoast-schema-graph\">{\"@context\":\"https:\/\/schema.org\",\"@graph\":[{\"@type\":\"WebSite\",\"@id\":\"http:\/\/centroservizicherasco.it\/#website\",\"url\":\"http:\/\/centroservizicherasco.it\/\",\"name\":\"CENTRO SERVIZI SRL\",\"description\":\"\",\"potentialAction\":[{\"@type\":\"SearchAction\",\"target\":\"http:\/\/centroservizicherasco.it\/?s={search_term_string}\",\"query-input\":\"required name=search_term_string\"}],\"inLanguage\":\"it-IT\"},{\"@type\":\"ImageObject\",\"@id\":\"http:\/\/centroservizicherasco.it\/index.php\/pronto-artigiano\/#primaryimage\",\"inLanguage\":\"it-IT\",\"url\":\"http:\/\/centroservizicherasco.hostinggratis.it\/wp-content\/uploads\/2020\/06\/280_0_5419664_706347-2.jpg\"},{\"@type\":\"WebPage\",\"@id\":\"http:\/\/centroservizicherasco.it\/index.php\/pronto-artigiano\/#webpage\",\"url\":\"http:\/\/centroservizicherasco.it\/index.php\/pronto-artigiano\/\",\"name\":\"PRONTO ARTIGIANO - CENTRO SERVIZI SRL\",\"isPartOf\":{\"@id\":\"http:\/\/centroservizicherasco.it\/#website\"},\"primaryImageOfPage\":{\"@id\":\"http:\/\/centroservizicherasco.it\/index.php\/pronto-artigiano\/#primaryimage\"},\"datePublished\":\"2020-06-22T16:53:14+00:00\",\"dateModified\":\"2020-06-23T14:59:38+00:00\",\"inLanguage\":\"it-IT\",\"potentialAction\":[{\"@type\":\"ReadAction\",\"target\":[\"http:\/\/centroservizicherasco.it\/index.php\/pronto-artigiano\/\"]}]}]}<\/script>\n<!-- \/ Yoast SEO plugin. -->","_links":{"self":[{"href":"http:\/\/centroservizicherasco.it\/index.php\/wp-json\/wp\/v2\/pages\/51"}],"collection":[{"href":"http:\/\/centroservizicherasco.it\/index.php\/wp-json\/wp\/v2\/pages"}],"about":[{"href":"http:\/\/centroservizicherasco.it\/index.php\/wp-json\/wp\/v2\/types\/page"}],"author":[{"embeddable":true,"href":"http:\/\/centroservizicherasco.it\/index.php\/wp-json\/wp\/v2\/users\/1"}],"replies":[{"embeddable":true,"href":"http:\/\/centroservizicherasco.it\/index.php\/wp-json\/wp\/v2\/comments?post=51"}],"version-history":[{"count":25,"href":"http:\/\/centroservizicherasco.it\/index.php\/wp-json\/wp\/v2\/pages\/51\/revisions"}],"predecessor-version":[{"id":259,"href":"http:\/\/centroservizicherasco.it\/index.php\/wp-json\/wp\/v2\/pages\/51\/revisions\/259"}],"wp:attachment":[{"href":"http:\/\/centroservizicherasco.it\/index.php\/wp-json\/wp\/v2\/media?parent=51"}],"curies":[{"name":"wp","href":"https:\/\/api.w.org\/{rel}","templated":true}]}}