{"id":59,"date":"2020-06-22T18:53:37","date_gmt":"2020-06-22T16:53:37","guid":{"rendered":"http:\/\/centroservizicherasco.hostinggratis.it\/?page_id=59"},"modified":"2020-06-23T16:57:23","modified_gmt":"2020-06-23T14:57:23","slug":"vendita-mobili-depoca-e-complementi-di-arredo","status":"publish","type":"page","link":"http:\/\/centroservizicherasco.it\/index.php\/vendita-mobili-depoca-e-complementi-di-arredo\/","title":{"rendered":"VENDITA MOBILI D&#8217;EPOCA"},"content":{"rendered":"\n<div class=\"wp-block-media-text alignwide is-stacked-on-mobile is-vertically-aligned-top\" style=\"grid-template-columns:21% auto\"><figure class=\"wp-block-media-text__media\"><img loading=\"lazy\" width=\"280\" height=\"493\" src=\"http:\/\/centroservizicherasco.hostinggratis.it\/wp-content\/uploads\/2020\/06\/280_0_5419664_706347-3.jpg\" alt=\"\" class=\"wp-image-246\" srcset=\"http:\/\/centroservizicherasco.it\/wp-content\/uploads\/2020\/06\/280_0_5419664_706347-3.jpg 280w, http:\/\/centroservizicherasco.it\/wp-content\/uploads\/2020\/06\/280_0_5419664_706347-3-170x300.jpg 170w\" sizes=\"(max-width: 280px) 100vw, 280px\" \/><\/figure><div class=\"wp-block-media-text__content\">\n<h4>La societ\u00e0 Centro Servizi possiede un&#8217;ampia esposizione di mobili classici, oggetti e complementi d&#8217;arredo pronti per la vendita sia in Italia che all&#8217; estero.<\/h4>\n\n\n\n<h4>I prodotti sono visionabili sulla galleria fotografica ove, per ogni articolo, sono indicate le dimensioni ed i materiali di realizzazione.<\/h4>\n\n\n\n<h4>Per informazioni ed eventuali acquisti \u00e8 sufficiente contattare telefonicamente o tramite e mail la nostra societ\u00e0 ai recapiti indicati nel presente sito e verr\u00e0 fornita dall&#8217; operatrice ogni istruzione utile all&#8217; acquisto e alle modalit\u00e0 di consegna o spedizione.<\/h4>\n\n\n\n<h4>I mobili e le masserizie vengono vendute completamente restaurate in ogni sua parte ed il suo restauro \u00e8 stato curato direttamente da un dipendente specializzato.<\/h4>\n\n\n\n<h4>Ogni articolo \u00e8 pronto per l&#8217;arredamento e non si rendono necessari ulteriori ritocchi o riparazioni aggiuntive.<\/h4>\n<\/div><\/div>\n\n\n\n<p><\/p>\n\n\n\n<ul><li>Mobili in arte povera<\/li><li>Mobili in stile<\/li><li>Divani e poltrone<\/li><li>Appendi abiti classici e murali<\/li><li>Specchiere<\/li><li>Lampadari<\/li><li>Appliques e luci da muro<\/li><li>Quadri a olio<\/li><li>Stampe<\/li><li>Candelieri<\/li><li>Oggetti e complementi d\u2019arredo<\/li><li>Ceramiche, anfore e piatti d\u2019arredo<\/li><\/ul>\n\n\n\n<p class=\"has-text-align-center\">Per informazioni e visione gli oggetti recarsi, in orario di ufficio, presso il magazzino sito all\u2019indirizzo della centro servizi o, in alternativa, detta merce \u00e8 visionabile on line poich\u00e8 rappresentata fotograficamente nell&#8217;apposita galleria fotografica<\/p>\n","protected":false},"excerpt":{"rendered":"<p>La societ\u00e0 Centro Servizi possiede un&#8217;ampia esposizione di mobili classici, oggetti e complementi d&#8217;arredo pronti per la vendita sia in Italia che all&#8217; estero. I prodotti sono visionabili sulla galleria fotografica ove, per ogni articolo, sono indicate le dimensioni ed i materiali di realizzazione. Per informazioni ed eventuali acquisti \u00e8 sufficiente contattare telefonicamente o tramite [&hellip;]<\/p>\n","protected":false},"author":1,"featured_media":0,"parent":0,"menu_order":0,"comment_status":"closed","ping_status":"closed","template":"","meta":[],"yoast_head":"<!-- This site is optimized with the Yoast SEO plugin v15.5 - https:\/\/yoast.com\/wordpress\/plugins\/seo\/ -->\n<title>VENDITA MOBILI D&#039;EPOCA - CENTRO SERVIZI SRL<\/title>\n<meta name=\"robots\" content=\"index, follow, max-snippet:-1, max-image-preview:large, max-video-preview:-1\" \/>\n<link rel=\"canonical\" href=\"http:\/\/centroservizicherasco.it\/index.php\/vendita-mobili-depoca-e-complementi-di-arredo\/\" \/>\n<meta property=\"og:locale\" content=\"it_IT\" \/>\n<meta property=\"og:type\" content=\"article\" \/>\n<meta property=\"og:title\" content=\"VENDITA MOBILI D&#039;EPOCA - CENTRO SERVIZI SRL\" \/>\n<meta property=\"og:description\" content=\"La societ\u00e0 Centro Servizi possiede un&#8217;ampia esposizione di mobili classici, oggetti e complementi d&#8217;arredo pronti per la vendita sia in Italia che all&#8217; estero. I prodotti sono visionabili sulla galleria fotografica ove, per ogni articolo, sono indicate le dimensioni ed i materiali di realizzazione. Per informazioni ed eventuali acquisti \u00e8 sufficiente contattare telefonicamente o tramite [&hellip;]\" \/>\n<meta property=\"og:url\" content=\"http:\/\/centroservizicherasco.it\/index.php\/vendita-mobili-depoca-e-complementi-di-arredo\/\" \/>\n<meta property=\"og:site_name\" content=\"CENTRO SERVIZI SRL\" \/>\n<meta property=\"article:modified_time\" content=\"2020-06-23T14:57:23+00:00\" \/>\n<meta property=\"og:image\" content=\"http:\/\/centroservizicherasco.hostinggratis.it\/wp-content\/uploads\/2020\/06\/280_0_5419664_706347-3.jpg\" \/>\n<meta name=\"twitter:card\" content=\"summary_large_image\" \/>\n<meta name=\"twitter:label1\" content=\"Tempo di lettura stimato\">\n\t<meta name=\"twitter:data1\" content=\"1 minuto\">\n<script type=\"application\/ld+json\" class=\"yoast-schema-graph\">{\"@context\":\"https:\/\/schema.org\",\"@graph\":[{\"@type\":\"WebSite\",\"@id\":\"http:\/\/centroservizicherasco.it\/#website\",\"url\":\"http:\/\/centroservizicherasco.it\/\",\"name\":\"CENTRO SERVIZI SRL\",\"description\":\"\",\"potentialAction\":[{\"@type\":\"SearchAction\",\"target\":\"http:\/\/centroservizicherasco.it\/?s={search_term_string}\",\"query-input\":\"required name=search_term_string\"}],\"inLanguage\":\"it-IT\"},{\"@type\":\"ImageObject\",\"@id\":\"http:\/\/centroservizicherasco.it\/index.php\/vendita-mobili-depoca-e-complementi-di-arredo\/#primaryimage\",\"inLanguage\":\"it-IT\",\"url\":\"http:\/\/centroservizicherasco.hostinggratis.it\/wp-content\/uploads\/2020\/06\/280_0_5419664_706347-3.jpg\"},{\"@type\":\"WebPage\",\"@id\":\"http:\/\/centroservizicherasco.it\/index.php\/vendita-mobili-depoca-e-complementi-di-arredo\/#webpage\",\"url\":\"http:\/\/centroservizicherasco.it\/index.php\/vendita-mobili-depoca-e-complementi-di-arredo\/\",\"name\":\"VENDITA MOBILI D'EPOCA - CENTRO SERVIZI SRL\",\"isPartOf\":{\"@id\":\"http:\/\/centroservizicherasco.it\/#website\"},\"primaryImageOfPage\":{\"@id\":\"http:\/\/centroservizicherasco.it\/index.php\/vendita-mobili-depoca-e-complementi-di-arredo\/#primaryimage\"},\"datePublished\":\"2020-06-22T16:53:37+00:00\",\"dateModified\":\"2020-06-23T14:57:23+00:00\",\"inLanguage\":\"it-IT\",\"potentialAction\":[{\"@type\":\"ReadAction\",\"target\":[\"http:\/\/centroservizicherasco.it\/index.php\/vendita-mobili-depoca-e-complementi-di-arredo\/\"]}]}]}<\/script>\n<!-- \/ Yoast SEO plugin. -->","_links":{"self":[{"href":"http:\/\/centroservizicherasco.it\/index.php\/wp-json\/wp\/v2\/pages\/59"}],"collection":[{"href":"http:\/\/centroservizicherasco.it\/index.php\/wp-json\/wp\/v2\/pages"}],"about":[{"href":"http:\/\/centroservizicherasco.it\/index.php\/wp-json\/wp\/v2\/types\/page"}],"author":[{"embeddable":true,"href":"http:\/\/centroservizicherasco.it\/index.php\/wp-json\/wp\/v2\/users\/1"}],"replies":[{"embeddable":true,"href":"http:\/\/centroservizicherasco.it\/index.php\/wp-json\/wp\/v2\/comments?post=59"}],"version-history":[{"count":10,"href":"http:\/\/centroservizicherasco.it\/index.php\/wp-json\/wp\/v2\/pages\/59\/revisions"}],"predecessor-version":[{"id":253,"href":"http:\/\/centroservizicherasco.it\/index.php\/wp-json\/wp\/v2\/pages\/59\/revisions\/253"}],"wp:attachment":[{"href":"http:\/\/centroservizicherasco.it\/index.php\/wp-json\/wp\/v2\/media?parent=59"}],"curies":[{"name":"wp","href":"https:\/\/api.w.org\/{rel}","templated":true}]}}